{"id":297,"date":"2023-09-20T17:45:39","date_gmt":"2023-09-20T15:45:39","guid":{"rendered":"https:\/\/praktijkmaji.nl\/?page_id=297"},"modified":"2024-01-01T23:09:43","modified_gmt":"2024-01-01T22:09:43","slug":"eigenschappen-van-hoogsensitiviteit","status":"publish","type":"page","link":"https:\/\/praktijkmaji.nl\/index.php\/werk-met-mij\/eigenschappen-van-hoogsensitiviteit\/","title":{"rendered":"Hoogsensitief"},"content":{"rendered":"\t\t<div data-elementor-type=\"wp-page\" data-elementor-id=\"297\" class=\"elementor elementor-297\">\n\t\t\t\t<div class=\"elementor-element elementor-element-5b974c9 e-flex e-con-boxed e-con e-parent\" data-id=\"5b974c9\" data-element_type=\"container\">\n\t\t\t\t\t<div class=\"e-con-inner\">\n\t\t\t\t<div class=\"elementor-element elementor-element-36391fb elementor-widget elementor-widget-text-editor\" data-id=\"36391fb\" data-element_type=\"widget\" data-widget_type=\"text-editor.default\">\n\t\t\t\t<div class=\"elementor-widget-container\">\n\t\t\t\t\t\t\t\t\t<h3><em><strong>Herken je het volgende gedrag van je kind?<\/strong><\/em><\/h3><ul><li><span style=\"font-weight: 400;\"> Houdt van dagdromen.<\/span><\/li><li><span style=\"font-weight: 400;\"> Als hij met iets bezig is wat hij leuk vindt, vergeet ie alles om zich heen. Hij kan dan niet stoppen omdat ie het zo leuk vindt en kan zo uren doorgaan.<\/span><\/li><li><span style=\"font-weight: 400;\"> Als hij blij is, is hij h\u00e9\u00e9l blij. Als hij boos is, is hij h\u00e9\u00e9l boos. Hij voelt alles heel sterk.<\/span><\/li><li><span style=\"font-weight: 400;\"> Voelt en friemelt graag aan dingen die hij prettig vindt aanvoelen.<\/span><\/li><li><span style=\"font-weight: 400;\"> Doet dingen graag in \u00e9\u00e9n keer goed, vindt het lastig wanneer het leren van iets veel tijd of oefening vraagt.<\/span><\/li><li><span style=\"font-weight: 400;\"> Kan zich zijn dromen levensecht herinneren en heeft soms nachtmerries<\/span><\/li><li><span style=\"font-weight: 400;\"> Gebruikt graag fidget toys of frunnikt aan zijn pen of andere dingen om zichzelf te kunnen concentreren als <\/span><span style=\"font-weight: 400;\"><br \/><\/span><span style=\"font-weight: 400;\">hij stil moet zitten.<\/span><\/li><li><span style=\"font-weight: 400;\"> Kan veel piekeren en zich ongerust voelen over allerlei onderwerpen<\/span><\/li><li><span style=\"font-weight: 400;\"> Luistert graag naar geluiden uit de natuur, zoals het geluid van de zee en vogeltjes die fluiten<\/span><\/li><li><span style=\"font-weight: 400;\"> Heeft een duidelijke eigen mening en denkt voor zichzelf.<\/span><\/li><\/ul><p><span style=\"font-weight: 400;\">Het zou zomaar eens kunnen zijn dat je zoon extra gevoelig is voor prikkels, dat hij <strong>hoogsensitief<\/strong> is. Naast het feit dat er dan meer prikkels opgevangen worden, worden die vele prikkels dan ook nog eens extra intens verwerkt. Dit kan tot gevolg hebben dat hij een vol hoofd heeft, zichzelf wegcijfert, het altijd goed wil doen voor een ander, faalangst ontwikkelt en extra moe is.<\/span><\/p><p><span style=\"font-weight: 400;\">Kinderen die extra gevoelig zijn voor prikkels, moeten zich op een of andere manier ontladen. Dit doen ze vaak door hun emoties extreem te uiten. Dit is dus echt nodig en belangrijk, maar de manier waarop en de heftigheid zou anders mogen. Deze kinderen blijken overprikkeld.<\/span><\/p>\t\t\t\t\t\t\t\t<\/div>\n\t\t\t\t<\/div>\n\t\t\t\t\t<\/div>\n\t\t\t\t<\/div>\n\t\t<div class=\"elementor-element elementor-element-d6dbb66 e-flex e-con-boxed e-con e-parent\" data-id=\"d6dbb66\" data-element_type=\"container\">\n\t\t\t\t\t<div class=\"e-con-inner\">\n\t\t\t\t<div class=\"elementor-element elementor-element-aed96f7 elementor-align-center elementor-widget elementor-widget-button\" data-id=\"aed96f7\" data-element_type=\"widget\" data-widget_type=\"button.default\">\n\t\t\t\t<div class=\"elementor-widget-container\">\n\t\t\t\t\t\t\t\t\t<div class=\"elementor-button-wrapper\">\n\t\t\t\t\t<a class=\"elementor-button elementor-button-link elementor-size-sm\" href=\"https:\/\/praktijkmaji.nl\/index.php\/werk-met-mij\/\">\n\t\t\t\t\t\t<span class=\"elementor-button-content-wrapper\">\n\t\t\t\t\t\t\t\t\t<span class=\"elementor-button-text\">Werk met mij voor meer inzicht in hoogsensitiviteit.<\/span>\n\t\t\t\t\t<\/span>\n\t\t\t\t\t<\/a>\n\t\t\t\t<\/div>\n\t\t\t\t\t\t\t\t<\/div>\n\t\t\t\t<\/div>\n\t\t\t\t\t<\/div>\n\t\t\t\t<\/div>\n\t\t\t\t<\/div>\n\t\t","protected":false},"excerpt":{"rendered":"<p>Herken je het volgende gedrag van je kind? Houdt van dagdromen. Als hij met iets bezig is wat hij leuk vindt, vergeet ie alles om zich heen. Hij kan dan niet stoppen omdat ie het zo leuk vindt en kan zo uren doorgaan. Als hij blij is, is hij h\u00e9\u00e9l blij. Als hij boos is, [&hellip;]<\/p>\n","protected":false},"author":1,"featured_media":0,"parent":17,"menu_order":0,"comment_status":"closed","ping_status":"closed","template":"elementor_header_footer","meta":{"footnotes":""},"class_list":["post-297","page","type-page","status-publish","hentry"],"blocksy_meta":{"styles_descriptor":{"styles":{"desktop":"","tablet":"","mobile":""},"google_fonts":[],"version":6}},"yoast_head":"<!-- This site is optimized with the Yoast SEO plugin v26.5 - https:\/\/yoast.com\/wordpress\/plugins\/seo\/ -->\n<title>Hoogsensitief - Energetisch coach | praktijk Maji<\/title>\n<meta name=\"robots\" content=\"index, follow, max-snippet:-1, max-image-preview:large, max-video-preview:-1\" \/>\n<link rel=\"canonical\" href=\"https:\/\/praktijkmaji.nl\/index.php\/werk-met-mij\/eigenschappen-van-hoogsensitiviteit\/\" \/>\n<meta property=\"og:locale\" content=\"nl_NL\" \/>\n<meta property=\"og:type\" content=\"article\" \/>\n<meta property=\"og:title\" content=\"Hoogsensitief - Energetisch coach | praktijk Maji\" \/>\n<meta property=\"og:description\" content=\"Herken je het volgende gedrag van je kind? Houdt van dagdromen. Als hij met iets bezig is wat hij leuk vindt, vergeet ie alles om zich heen. Hij kan dan niet stoppen omdat ie het zo leuk vindt en kan zo uren doorgaan. Als hij blij is, is hij h\u00e9\u00e9l blij. Als hij boos is, [&hellip;]\" \/>\n<meta property=\"og:url\" content=\"https:\/\/praktijkmaji.nl\/index.php\/werk-met-mij\/eigenschappen-van-hoogsensitiviteit\/\" \/>\n<meta property=\"og:site_name\" content=\"Energetisch coach | praktijk Maji\" \/>\n<meta property=\"article:publisher\" content=\"https:\/\/www.facebook.com\/people\/Praktijk-Maji\/100095127170438\/\/yoast\" \/>\n<meta property=\"article:modified_time\" content=\"2024-01-01T22:09:43+00:00\" \/>\n<meta name=\"twitter:card\" content=\"summary_large_image\" \/>\n<meta name=\"twitter:label1\" content=\"Geschatte leestijd\" \/>\n\t<meta name=\"twitter:data1\" content=\"1 minuut\" \/>\n<script type=\"application\/ld+json\" class=\"yoast-schema-graph\">{\"@context\":\"https:\/\/schema.org\",\"@graph\":[{\"@type\":\"WebPage\",\"@id\":\"https:\/\/praktijkmaji.nl\/index.php\/werk-met-mij\/eigenschappen-van-hoogsensitiviteit\/\",\"url\":\"https:\/\/praktijkmaji.nl\/index.php\/werk-met-mij\/eigenschappen-van-hoogsensitiviteit\/\",\"name\":\"Hoogsensitief - Energetisch coach | praktijk Maji\",\"isPartOf\":{\"@id\":\"https:\/\/praktijkmaji.nl\/#website\"},\"datePublished\":\"2023-09-20T15:45:39+00:00\",\"dateModified\":\"2024-01-01T22:09:43+00:00\",\"breadcrumb\":{\"@id\":\"https:\/\/praktijkmaji.nl\/index.php\/werk-met-mij\/eigenschappen-van-hoogsensitiviteit\/#breadcrumb\"},\"inLanguage\":\"nl-NL\",\"potentialAction\":[{\"@type\":\"ReadAction\",\"target\":[\"https:\/\/praktijkmaji.nl\/index.php\/werk-met-mij\/eigenschappen-van-hoogsensitiviteit\/\"]}]},{\"@type\":\"BreadcrumbList\",\"@id\":\"https:\/\/praktijkmaji.nl\/index.php\/werk-met-mij\/eigenschappen-van-hoogsensitiviteit\/#breadcrumb\",\"itemListElement\":[{\"@type\":\"ListItem\",\"position\":1,\"name\":\"Home\",\"item\":\"https:\/\/praktijkmaji.nl\/\"},{\"@type\":\"ListItem\",\"position\":2,\"name\":\"Werk met mij\",\"item\":\"https:\/\/praktijkmaji.nl\/index.php\/werk-met-mij\/\"},{\"@type\":\"ListItem\",\"position\":3,\"name\":\"Hoogsensitief\"}]},{\"@type\":\"WebSite\",\"@id\":\"https:\/\/praktijkmaji.nl\/#website\",\"url\":\"https:\/\/praktijkmaji.nl\/\",\"name\":\"www.praktijkmaji.nl\",\"description\":\"Vind inzicht en rust\",\"publisher\":{\"@id\":\"https:\/\/praktijkmaji.nl\/#organization\"},\"potentialAction\":[{\"@type\":\"SearchAction\",\"target\":{\"@type\":\"EntryPoint\",\"urlTemplate\":\"https:\/\/praktijkmaji.nl\/?s={search_term_string}\"},\"query-input\":{\"@type\":\"PropertyValueSpecification\",\"valueRequired\":true,\"valueName\":\"search_term_string\"}}],\"inLanguage\":\"nl-NL\"},{\"@type\":\"Organization\",\"@id\":\"https:\/\/praktijkmaji.nl\/#organization\",\"name\":\"Maji\",\"url\":\"https:\/\/praktijkmaji.nl\/\",\"logo\":{\"@type\":\"ImageObject\",\"inLanguage\":\"nl-NL\",\"@id\":\"https:\/\/praktijkmaji.nl\/#\/schema\/logo\/image\/\",\"url\":\"https:\/\/praktijkmaji.nl\/wp-content\/uploads\/2023\/01\/logo-Maji-energetisch-coach.png\",\"contentUrl\":\"https:\/\/praktijkmaji.nl\/wp-content\/uploads\/2023\/01\/logo-Maji-energetisch-coach.png\",\"width\":803,\"height\":552,\"caption\":\"Maji\"},\"image\":{\"@id\":\"https:\/\/praktijkmaji.nl\/#\/schema\/logo\/image\/\"},\"sameAs\":[\"https:\/\/www.facebook.com\/people\/Praktijk-Maji\/100095127170438\/\/yoast\",\"http:\/\/instagram.com\/praktijkmaji\/yoast\"]}]}<\/script>\n<!-- \/ Yoast SEO plugin. -->","yoast_head_json":{"title":"Hoogsensitief - Energetisch coach | praktijk Maji","robots":{"index":"index","follow":"follow","max-snippet":"max-snippet:-1","max-image-preview":"max-image-preview:large","max-video-preview":"max-video-preview:-1"},"canonical":"https:\/\/praktijkmaji.nl\/index.php\/werk-met-mij\/eigenschappen-van-hoogsensitiviteit\/","og_locale":"nl_NL","og_type":"article","og_title":"Hoogsensitief - Energetisch coach | praktijk Maji","og_description":"Herken je het volgende gedrag van je kind? Houdt van dagdromen. Als hij met iets bezig is wat hij leuk vindt, vergeet ie alles om zich heen. Hij kan dan niet stoppen omdat ie het zo leuk vindt en kan zo uren doorgaan. Als hij blij is, is hij h\u00e9\u00e9l blij. Als hij boos is, [&hellip;]","og_url":"https:\/\/praktijkmaji.nl\/index.php\/werk-met-mij\/eigenschappen-van-hoogsensitiviteit\/","og_site_name":"Energetisch coach | praktijk Maji","article_publisher":"https:\/\/www.facebook.com\/people\/Praktijk-Maji\/100095127170438\/\/yoast","article_modified_time":"2024-01-01T22:09:43+00:00","twitter_card":"summary_large_image","twitter_misc":{"Geschatte leestijd":"1 minuut"},"schema":{"@context":"https:\/\/schema.org","@graph":[{"@type":"WebPage","@id":"https:\/\/praktijkmaji.nl\/index.php\/werk-met-mij\/eigenschappen-van-hoogsensitiviteit\/","url":"https:\/\/praktijkmaji.nl\/index.php\/werk-met-mij\/eigenschappen-van-hoogsensitiviteit\/","name":"Hoogsensitief - Energetisch coach | praktijk Maji","isPartOf":{"@id":"https:\/\/praktijkmaji.nl\/#website"},"datePublished":"2023-09-20T15:45:39+00:00","dateModified":"2024-01-01T22:09:43+00:00","breadcrumb":{"@id":"https:\/\/praktijkmaji.nl\/index.php\/werk-met-mij\/eigenschappen-van-hoogsensitiviteit\/#breadcrumb"},"inLanguage":"nl-NL","potentialAction":[{"@type":"ReadAction","target":["https:\/\/praktijkmaji.nl\/index.php\/werk-met-mij\/eigenschappen-van-hoogsensitiviteit\/"]}]},{"@type":"BreadcrumbList","@id":"https:\/\/praktijkmaji.nl\/index.php\/werk-met-mij\/eigenschappen-van-hoogsensitiviteit\/#breadcrumb","itemListElement":[{"@type":"ListItem","position":1,"name":"Home","item":"https:\/\/praktijkmaji.nl\/"},{"@type":"ListItem","position":2,"name":"Werk met mij","item":"https:\/\/praktijkmaji.nl\/index.php\/werk-met-mij\/"},{"@type":"ListItem","position":3,"name":"Hoogsensitief"}]},{"@type":"WebSite","@id":"https:\/\/praktijkmaji.nl\/#website","url":"https:\/\/praktijkmaji.nl\/","name":"www.praktijkmaji.nl","description":"Vind inzicht en rust","publisher":{"@id":"https:\/\/praktijkmaji.nl\/#organization"},"potentialAction":[{"@type":"SearchAction","target":{"@type":"EntryPoint","urlTemplate":"https:\/\/praktijkmaji.nl\/?s={search_term_string}"},"query-input":{"@type":"PropertyValueSpecification","valueRequired":true,"valueName":"search_term_string"}}],"inLanguage":"nl-NL"},{"@type":"Organization","@id":"https:\/\/praktijkmaji.nl\/#organization","name":"Maji","url":"https:\/\/praktijkmaji.nl\/","logo":{"@type":"ImageObject","inLanguage":"nl-NL","@id":"https:\/\/praktijkmaji.nl\/#\/schema\/logo\/image\/","url":"https:\/\/praktijkmaji.nl\/wp-content\/uploads\/2023\/01\/logo-Maji-energetisch-coach.png","contentUrl":"https:\/\/praktijkmaji.nl\/wp-content\/uploads\/2023\/01\/logo-Maji-energetisch-coach.png","width":803,"height":552,"caption":"Maji"},"image":{"@id":"https:\/\/praktijkmaji.nl\/#\/schema\/logo\/image\/"},"sameAs":["https:\/\/www.facebook.com\/people\/Praktijk-Maji\/100095127170438\/\/yoast","http:\/\/instagram.com\/praktijkmaji\/yoast"]}]}},"_links":{"self":[{"href":"https:\/\/praktijkmaji.nl\/index.php\/wp-json\/wp\/v2\/pages\/297","targetHints":{"allow":["GET"]}}],"collection":[{"href":"https:\/\/praktijkmaji.nl\/index.php\/wp-json\/wp\/v2\/pages"}],"about":[{"href":"https:\/\/praktijkmaji.nl\/index.php\/wp-json\/wp\/v2\/types\/page"}],"author":[{"embeddable":true,"href":"https:\/\/praktijkmaji.nl\/index.php\/wp-json\/wp\/v2\/users\/1"}],"replies":[{"embeddable":true,"href":"https:\/\/praktijkmaji.nl\/index.php\/wp-json\/wp\/v2\/comments?post=297"}],"version-history":[{"count":20,"href":"https:\/\/praktijkmaji.nl\/index.php\/wp-json\/wp\/v2\/pages\/297\/revisions"}],"predecessor-version":[{"id":760,"href":"https:\/\/praktijkmaji.nl\/index.php\/wp-json\/wp\/v2\/pages\/297\/revisions\/760"}],"up":[{"embeddable":true,"href":"https:\/\/praktijkmaji.nl\/index.php\/wp-json\/wp\/v2\/pages\/17"}],"wp:attachment":[{"href":"https:\/\/praktijkmaji.nl\/index.php\/wp-json\/wp\/v2\/media?parent=297"}],"curies":[{"name":"wp","href":"https:\/\/api.w.org\/{rel}","templated":true}]}}